{"id":7808,"date":"2025-10-24T01:08:47","date_gmt":"2025-10-24T01:08:47","guid":{"rendered":"https:\/\/broadywindsor.com\/la-preparation-renforce-la-confiance\/"},"modified":"2025-10-24T01:19:24","modified_gmt":"2025-10-24T01:19:24","slug":"la-preparation-renforce-la-confiance","status":"publish","type":"page","link":"https:\/\/broadywindsor.com\/fr\/la-preparation-renforce-la-confiance\/","title":{"rendered":"La pr\u00e9paration renforce la confiance"},"content":{"rendered":"\t\t<div data-elementor-type=\"wp-page\" data-elementor-id=\"7808\" class=\"elementor elementor-7808 elementor-7802\" data-elementor-post-type=\"page\">\n\t\t\t\t<div class=\"elementor-element elementor-element-adf1d4e e-con-full e-flex e-con e-parent\" data-id=\"adf1d4e\" data-element_type=\"container\" data-settings=\"{&quot;background_background&quot;:&quot;classic&quot;}\">\n\t\t\t\t<\/div>\n\t\t<div class=\"elementor-element elementor-element-3ae5966 e-flex e-con-boxed e-con e-parent\" data-id=\"3ae5966\" data-element_type=\"container\">\n\t\t\t\t\t<div class=\"e-con-inner\">\n\t\t\t\t<div class=\"elementor-element elementor-element-0bc8d88 elementor-invisible elementor-widget elementor-widget-heading\" data-id=\"0bc8d88\" data-element_type=\"widget\" data-settings=\"{&quot;_animation&quot;:&quot;fadeInUp&quot;}\" data-widget_type=\"heading.default\">\n\t\t\t\t<div class=\"elementor-widget-container\">\n\t\t\t\t\t<h2 class=\"elementor-heading-title elementor-size-default\">Histoire de r\u00e9ussite d'un vendeur\u00a0: <i>Pourquoi la pr\u00e9paration renforce la confiance et la valeur<\/i><\/h2>\t\t\t\t<\/div>\n\t\t\t\t<\/div>\n\t\t\t\t<div class=\"elementor-element elementor-element-6805cdb elementor-invisible elementor-widget elementor-widget-text-editor\" data-id=\"6805cdb\" data-element_type=\"widget\" data-settings=\"{&quot;_animation&quot;:&quot;fadeInUp&quot;}\" data-widget_type=\"text-editor.default\">\n\t\t\t\t<div class=\"elementor-widget-container\">\n\t\t\t\t\t\t\t\t\t<h4>La situation avant<\/h4>\n<p><span style=\"font-weight: 400;\">Deux ans avant de d\u00e9m\u00e9nager, Tommy et sa femme ont re\u00e7u un d\u00e9pliant de notre Club de conseils aux propri\u00e9taires. Curieux de conna\u00eetre la valeur de leur maison et de savoir comment se pr\u00e9parer au mieux \u00e0 une \u00e9ventuelle vente, ils ont demand\u00e9 conseil. Tommy approchant de la retraite de McGill et leurs enfants adultes quittant le nid familial, la maison leur semblait trop grande. Ils avaient les yeux riv\u00e9s sur une maison plus petite \u00e0 Cornwall.<\/span><\/p>\n<p><span style=\"font-weight: 400;\">Contrairement \u00e0 de nombreux vendeurs, ils n&rsquo;\u00e9taient pas press\u00e9s. Ils n&rsquo;avaient aucune crainte du processus, car ils avaient ce qui manque \u00e0 la plupart des propri\u00e9taires\u00a0: le temps de planifier.<\/span><\/p>\n\t\t\t\t\t\t\t\t<\/div>\n\t\t\t\t<\/div>\n\t\t\t\t<div class=\"elementor-element elementor-element-d77b016 elementor-invisible elementor-widget elementor-widget-heading\" data-id=\"d77b016\" data-element_type=\"widget\" data-settings=\"{&quot;_animation&quot;:&quot;fadeInUp&quot;}\" data-widget_type=\"heading.default\">\n\t\t\t\t<div class=\"elementor-widget-container\">\n\t\t\t\t\t<h4 class=\"elementor-heading-title elementor-size-default\">La phase de d\u00e9couverte<\/h4>\t\t\t\t<\/div>\n\t\t\t\t<\/div>\n\t\t\t\t<div class=\"elementor-element elementor-element-40f433f elementor-invisible elementor-widget elementor-widget-text-editor\" data-id=\"40f433f\" data-element_type=\"widget\" data-settings=\"{&quot;_animation&quot;:&quot;fadeInUp&quot;}\" data-widget_type=\"text-editor.default\">\n\t\t\t\t<div class=\"elementor-widget-container\">\n\t\t\t\t\t\t\t\t\t<p>Lors de notre premi\u00e8re rencontre en d\u00e9cembre 2022, nous leur avons remis une \u00e9valuation immobili\u00e8re de 1,3 \u00e0 1,35 million de dollars. Plus important encore, nous leur avons pr\u00e9sent\u00e9 un plan clair\u00a0: effectuer les r\u00e9parations, investir dans les r\u00e9novations et pr\u00e9parer la maison pour une future visite. Ils ont imm\u00e9diatement fait confiance \u00e0 notre processus, se sont engag\u00e9s \u00e0 le respecter et ont suivi toutes les recommandations pendant les deux ann\u00e9es suivantes.<\/p>\n\t\t\t\t\t\t\t\t<\/div>\n\t\t\t\t<\/div>\n\t\t\t\t<div class=\"elementor-element elementor-element-b4a2aa4 elementor-invisible elementor-widget elementor-widget-heading\" data-id=\"b4a2aa4\" data-element_type=\"widget\" data-settings=\"{&quot;_animation&quot;:&quot;fadeInUp&quot;}\" data-widget_type=\"heading.default\">\n\t\t\t\t<div class=\"elementor-widget-container\">\n\t\t\t\t\t<h4 class=\"elementor-heading-title elementor-size-default\">Les d\u00e9fis<\/h4>\t\t\t\t<\/div>\n\t\t\t\t<\/div>\n\t\t\t\t<div class=\"elementor-element elementor-element-bb0dea9 elementor-invisible elementor-widget elementor-widget-text-editor\" data-id=\"bb0dea9\" data-element_type=\"widget\" data-settings=\"{&quot;_animation&quot;:&quot;fadeInUp&quot;}\" data-widget_type=\"text-editor.default\">\n\t\t\t\t<div class=\"elementor-widget-container\">\n\t\t\t\t\t\t\t\t\t<p>Ce n&rsquo;\u00e9tait pas facile. Les r\u00e9novations et les r\u00e9parations demandent du temps et des efforts. Ils ont fait nettoyer, mettre en valeur et inspecter la maison par des professionnels, transformant une maison familiale tr\u00e8s appr\u00e9ci\u00e9e en une pi\u00e8ce ma\u00eetresse. La transformation \u00e9tait tout simplement incroyable.<\/p>\n<p>Lors du lancement en juillet, le timing n&rsquo;\u00e9tait pas id\u00e9al\u00a0: les vacances de la construction ont entra\u00een\u00e9 une baisse de fr\u00e9quentation. Leur prix initial de 1\u00a0525\u00a0000\u00a0$ n&rsquo;a pas suscit\u00e9 l&rsquo;engouement escompt\u00e9 au cours des deux premi\u00e8res semaines. Mais, confiants dans le processus, ils \u00e9taient dispos\u00e9s \u00e0 ajuster leur strat\u00e9gie tarifaire. Nous avons recommand\u00e9 un ajustement du prix \u00e0 1\u00a0495\u00a0000\u00a0$ et avons relanc\u00e9 la vente avec un nouvel \u00e9lan.<\/p>\n\t\t\t\t\t\t\t\t<\/div>\n\t\t\t\t<\/div>\n\t\t\t\t<div class=\"elementor-element elementor-element-1428283 elementor-invisible elementor-widget elementor-widget-heading\" data-id=\"1428283\" data-element_type=\"widget\" data-settings=\"{&quot;_animation&quot;:&quot;fadeInUp&quot;}\" data-widget_type=\"heading.default\">\n\t\t\t\t<div class=\"elementor-widget-container\">\n\t\t\t\t\t<h4 class=\"elementor-heading-title elementor-size-default\">Le tournant<\/h4>\t\t\t\t<\/div>\n\t\t\t\t<\/div>\n\t\t\t\t<div class=\"elementor-element elementor-element-67f3799 elementor-invisible elementor-widget elementor-widget-text-editor\" data-id=\"67f3799\" data-element_type=\"widget\" data-settings=\"{&quot;_animation&quot;:&quot;fadeInUp&quot;}\" data-widget_type=\"text-editor.default\">\n\t\t\t\t<div class=\"elementor-widget-container\">\n\t\t\t\t\t\t\t\t\t<p>Le march\u00e9 a r\u00e9agi instantan\u00e9ment. Quelques jours apr\u00e8s l&rsquo;ajustement, les visites ont repris. L&rsquo;un de ces acheteurs a rapidement fait une offre. Nous avons \u00e9chang\u00e9 sur les conditions, en nous appuyant sur notre strat\u00e9gie de n\u00e9gociation et notre connaissance du march\u00e9 local pour pr\u00e9server la valeur tout en pr\u00e9servant la valeur de la transaction. Les acheteurs n&rsquo;ont pas seulement \u00e9t\u00e9 impressionn\u00e9s par la maison, ils ont \u00e9t\u00e9 impressionn\u00e9s par la transparence\u00a0: l&rsquo;inspection pr\u00e9alable \u00e0 la mise en vente, la d\u00e9claration d\u00e9taill\u00e9e du vendeur et le soin \u00e9vident apport\u00e9 \u00e0 la pr\u00e9paration. Cette confiance a fait pencher la balance en faveur de nos clients, et notre contre-offre a \u00e9t\u00e9 accept\u00e9e.<\/p>\n\t\t\t\t\t\t\t\t<\/div>\n\t\t\t\t<\/div>\n\t\t\t\t<div class=\"elementor-element elementor-element-4261506 elementor-invisible elementor-widget elementor-widget-heading\" data-id=\"4261506\" data-element_type=\"widget\" data-settings=\"{&quot;_animation&quot;:&quot;fadeInUp&quot;}\" data-widget_type=\"heading.default\">\n\t\t\t\t<div class=\"elementor-widget-container\">\n\t\t\t\t\t<h4 class=\"elementor-heading-title elementor-size-default\">Les cons\u00e9quences<\/h4>\t\t\t\t<\/div>\n\t\t\t\t<\/div>\n\t\t\t\t<div class=\"elementor-element elementor-element-92a34f6 elementor-invisible elementor-widget elementor-widget-text-editor\" data-id=\"92a34f6\" data-element_type=\"widget\" data-settings=\"{&quot;_animation&quot;:&quot;fadeInUp&quot;}\" data-widget_type=\"text-editor.default\">\n\t\t\t\t<div class=\"elementor-widget-container\">\n\t\t\t\t\t\t\t\t\t<p>L&rsquo;inspection de l&rsquo;acheteur s&rsquo;est d\u00e9roul\u00e9e sans probl\u00e8me, sans surprise. L&rsquo;affaire est d\u00e9sormais conclue et Tommy et Marlies se pr\u00e9parent \u00e0 entamer leur prochain chapitre en Cornouailles. En repensant \u00e0 leur exp\u00e9rience, ils nous ont confi\u00e9 combien ils ont appr\u00e9ci\u00e9 non seulement notre \u00e9quipe, mais aussi le r\u00e9seau de professionnels de confiance qui les a accompagn\u00e9s tout au long du processus. Chaque entrepreneur, agent d&rsquo;entretien, inspecteur et metteur en sc\u00e8ne a contribu\u00e9 au r\u00e9sultat final.<\/p>\n\t\t\t\t\t\t\t\t<\/div>\n\t\t\t\t<\/div>\n\t\t\t\t<div class=\"elementor-element elementor-element-a88bc0f elementor-invisible elementor-widget elementor-widget-heading\" data-id=\"a88bc0f\" data-element_type=\"widget\" data-settings=\"{&quot;_animation&quot;:&quot;fadeInUp&quot;}\" data-widget_type=\"heading.default\">\n\t\t\t\t<div class=\"elementor-widget-container\">\n\t\t\t\t\t<h4 class=\"elementor-heading-title elementor-size-default\">La le\u00e7on<\/h4>\t\t\t\t<\/div>\n\t\t\t\t<\/div>\n\t\t\t\t<div class=\"elementor-element elementor-element-88bc416 elementor-invisible elementor-widget elementor-widget-text-editor\" data-id=\"88bc416\" data-element_type=\"widget\" data-settings=\"{&quot;_animation&quot;:&quot;fadeInUp&quot;}\" data-widget_type=\"text-editor.default\">\n\t\t\t\t<div class=\"elementor-widget-container\">\n\t\t\t\t\t\t\t\t\t<p>Leur histoire prouve que la pr\u00e9paration renforce la confiance, et que la confiance cr\u00e9e de la valeur. En s&rsquo;y prenant t\u00f4t, en investissant dans les mises \u00e0 jour appropri\u00e9es et en faisant confiance au processus, ils ont non seulement \u00e9vit\u00e9 le stress que subissent tant de vendeurs, mais ont \u00e9galement maximis\u00e9 leur prix de vente et ma\u00eetris\u00e9 leur calendrier.<\/p>\n\t\t\t\t\t\t\t\t<\/div>\n\t\t\t\t<\/div>\n\t\t\t\t<div class=\"elementor-element elementor-element-5538d6e elementor-invisible elementor-widget elementor-widget-heading\" data-id=\"5538d6e\" data-element_type=\"widget\" data-settings=\"{&quot;_animation&quot;:&quot;fadeInUp&quot;}\" data-widget_type=\"heading.default\">\n\t\t\t\t<div class=\"elementor-widget-container\">\n\t\t\t\t\t<h4 class=\"elementor-heading-title elementor-size-default\">Notre r\u00f4le en tant que guide<\/h4>\t\t\t\t<\/div>\n\t\t\t\t<\/div>\n\t\t\t\t<div class=\"elementor-element elementor-element-5e69e10 elementor-invisible elementor-widget elementor-widget-text-editor\" data-id=\"5e69e10\" data-element_type=\"widget\" data-settings=\"{&quot;_animation&quot;:&quot;fadeInUp&quot;}\" data-widget_type=\"text-editor.default\">\n\t\t\t\t<div class=\"elementor-widget-container\">\n\t\t\t\t\t\t\t\t\t<p>De la premi\u00e8re \u00e9valuation \u00e0 la prise de contact finale, notre mission a consist\u00e9 \u00e0 planifier le parcours, \u00e0 anticiper les obstacles et \u00e0 les maintenir sur la bonne voie. Ils ont travaill\u00e9 dur pour pr\u00e9parer leur maison, et nous avons travaill\u00e9 dur pour adapter l&rsquo;histoire de la maison au profil de l&rsquo;acheteur id\u00e9al. Ensemble, nous leur avons obtenu le r\u00e9sultat escompt\u00e9, avec un minimum de stress.<\/p>\n\t\t\t\t\t\t\t\t<\/div>\n\t\t\t\t<\/div>\n\t\t\t\t\t<\/div>\n\t\t\t\t<\/div>\n\t\t\t\t<\/div>\n\t\t","protected":false},"excerpt":{"rendered":"<p>Histoire de r\u00e9ussite d&rsquo;un vendeur\u00a0: Pourquoi la pr\u00e9paration renforce la confiance et la valeur La situation avant Deux ans avant de d\u00e9m\u00e9nager, Tommy et sa femme ont re\u00e7u un d\u00e9pliant de notre Club de conseils aux propri\u00e9taires. Curieux de conna\u00eetre la valeur de leur maison et de savoir comment se pr\u00e9parer au mieux \u00e0 une [&hellip;]<\/p>\n","protected":false},"author":1,"featured_media":0,"parent":0,"menu_order":0,"comment_status":"closed","ping_status":"closed","template":"","meta":{"_acf_changed":false,"footnotes":""},"class_list":["post-7808","page","type-page","status-publish","hentry"],"acf":[],"_links":{"self":[{"href":"https:\/\/broadywindsor.com\/fr\/wp-json\/wp\/v2\/pages\/7808","targetHints":{"allow":["GET"]}}],"collection":[{"href":"https:\/\/broadywindsor.com\/fr\/wp-json\/wp\/v2\/pages"}],"about":[{"href":"https:\/\/broadywindsor.com\/fr\/wp-json\/wp\/v2\/types\/page"}],"author":[{"embeddable":true,"href":"https:\/\/broadywindsor.com\/fr\/wp-json\/wp\/v2\/users\/1"}],"replies":[{"embeddable":true,"href":"https:\/\/broadywindsor.com\/fr\/wp-json\/wp\/v2\/comments?post=7808"}],"version-history":[{"count":1,"href":"https:\/\/broadywindsor.com\/fr\/wp-json\/wp\/v2\/pages\/7808\/revisions"}],"predecessor-version":[{"id":7810,"href":"https:\/\/broadywindsor.com\/fr\/wp-json\/wp\/v2\/pages\/7808\/revisions\/7810"}],"wp:attachment":[{"href":"https:\/\/broadywindsor.com\/fr\/wp-json\/wp\/v2\/media?parent=7808"}],"curies":[{"name":"wp","href":"https:\/\/api.w.org\/{rel}","templated":true}]}}