{"id":7797,"date":"2025-10-24T00:45:51","date_gmt":"2025-10-24T00:45:51","guid":{"rendered":"https:\/\/broadywindsor.com\/histoire-de-reussite-dun-vendeur\/"},"modified":"2025-10-24T19:28:38","modified_gmt":"2025-10-24T19:28:38","slug":"histoire-de-reussite-dun-vendeur","status":"publish","type":"page","link":"https:\/\/broadywindsor.com\/fr\/histoire-de-reussite-dun-vendeur\/","title":{"rendered":"Histoire de r\u00e9ussite d&rsquo;un vendeur"},"content":{"rendered":"\t\t<div data-elementor-type=\"wp-page\" data-elementor-id=\"7797\" class=\"elementor elementor-7797 elementor-7791\" data-elementor-post-type=\"page\">\n\t\t\t\t<div class=\"elementor-element elementor-element-baa5a63 e-con-full e-flex e-con e-parent\" data-id=\"baa5a63\" data-element_type=\"container\" data-settings=\"{&quot;background_background&quot;:&quot;classic&quot;}\">\n\t\t\t\t<\/div>\n\t\t<div class=\"elementor-element elementor-element-ff38413 e-flex e-con-boxed e-con e-parent\" data-id=\"ff38413\" data-element_type=\"container\">\n\t\t\t\t\t<div class=\"e-con-inner\">\n\t\t\t\t<div class=\"elementor-element elementor-element-644c5e2 elementor-invisible elementor-widget elementor-widget-heading\" data-id=\"644c5e2\" data-element_type=\"widget\" data-settings=\"{&quot;_animation&quot;:&quot;fadeInUp&quot;}\" data-widget_type=\"heading.default\">\n\t\t\t\t<div class=\"elementor-widget-container\">\n\t\t\t\t\t<h2 class=\"elementor-heading-title elementor-size-default\">Histoire de r\u00e9ussite d'un vendeur<\/h2>\t\t\t\t<\/div>\n\t\t\t\t<\/div>\n\t\t\t\t<div class=\"elementor-element elementor-element-58f6738 elementor-invisible elementor-widget elementor-widget-text-editor\" data-id=\"58f6738\" data-element_type=\"widget\" data-settings=\"{&quot;_animation&quot;:&quot;fadeInUp&quot;}\" data-widget_type=\"text-editor.default\">\n\t\t\t\t<div class=\"elementor-widget-container\">\n\t\t\t\t\t\t\t\t\t<p>Tommy et sa femme ont planifi\u00e9 la vente de leur maison deux ans \u00e0 l&rsquo;avance, en suivant une strat\u00e9gie de pr\u00e9paration claire, incluant r\u00e9parations, r\u00e9novations et mise en valeur. Malgr\u00e9 les difficult\u00e9s initiales li\u00e9es au prix, ils ont fait confiance au processus, ont ajust\u00e9 leur strat\u00e9gie et ont rapidement obtenu une offre solide. Leur vente sans accroc a prouv\u00e9 qu&rsquo;une bonne pr\u00e9paration renforce la confiance, r\u00e9duit le stress et maximise la valeur.<\/p>\n\t\t\t\t\t\t\t\t<\/div>\n\t\t\t\t<\/div>\n\t\t\t\t<div class=\"elementor-element elementor-element-bd2b1f0 elementor-widget__width-initial Table-Content elementor-widget elementor-widget-text-editor\" data-id=\"bd2b1f0\" data-element_type=\"widget\" data-widget_type=\"text-editor.default\">\n\t\t\t\t<div class=\"elementor-widget-container\">\n\t\t\t\t\t\t\t\t\t<div style=\"display: flex; gap: 20px; align-item: center;\"><div style=\"display: flex; gap: 20px; align-item: center;\">#1<a href=\"preparation-builds-confidence\/\">Pourquoi la pr\u00e9paration renforce la confiance et la valeur<\/a><\/div><\/div>\t\t\t\t\t\t\t\t<\/div>\n\t\t\t\t<\/div>\n\t\t<div class=\"elementor-element elementor-element-7074af2 e-con-full elementor-hidden-desktop elementor-hidden-laptop elementor-hidden-tablet elementor-hidden-mobile e-flex e-con e-child\" data-id=\"7074af2\" data-element_type=\"container\">\n\t\t<div class=\"elementor-element elementor-element-c111f81 e-con-full e-flex e-con e-child\" data-id=\"c111f81\" data-element_type=\"container\">\n\t\t\t\t<div class=\"elementor-element elementor-element-39d9431 elementor-widget__width-initial Table-Content elementor-widget elementor-widget-text-editor\" data-id=\"39d9431\" data-element_type=\"widget\" data-widget_type=\"text-editor.default\">\n\t\t\t\t<div class=\"elementor-widget-container\">\n\t\t\t\t\t\t\t\t\t<p>Septembre 2025<\/p>\n\t\t\t\t\t\t\t\t<\/div>\n\t\t\t\t<\/div>\n\t\t\t\t<\/div>\n\t\t<div class=\"elementor-element elementor-element-17b4d5d e-con-full e-flex e-con e-child\" data-id=\"17b4d5d\" data-element_type=\"container\">\n\t\t\t\t<div class=\"elementor-element elementor-element-16c4fa7 elementor-widget__width-initial Table-Content elementor-widget elementor-widget-text-editor\" data-id=\"16c4fa7\" data-element_type=\"widget\" data-widget_type=\"text-editor.default\">\n\t\t\t\t<div class=\"elementor-widget-container\">\n\t\t\t\t\t\t\t\t\t<p><a href=\"preparation-builds-confidence\/\">Pourquoi la pr\u00e9paration renforce la confiance et la valeurWhy Preparation Builds Confidence &amp; Value<\/a><\/p>\n\t\t\t\t\t\t\t\t<\/div>\n\t\t\t\t<\/div>\n\t\t\t\t<\/div>\n\t\t\t\t<\/div>\n\t\t\t\t\t<\/div>\n\t\t\t\t<\/div>\n\t\t\t\t<\/div>\n\t\t","protected":false},"excerpt":{"rendered":"<p>Histoire de r\u00e9ussite d&rsquo;un vendeur Tommy et sa femme ont planifi\u00e9 la vente de leur maison deux ans \u00e0 l&rsquo;avance, en suivant une strat\u00e9gie de pr\u00e9paration claire, incluant r\u00e9parations, r\u00e9novations et mise en valeur. Malgr\u00e9 les difficult\u00e9s initiales li\u00e9es au prix, ils ont fait confiance au processus, ont ajust\u00e9 leur strat\u00e9gie et ont rapidement obtenu [&hellip;]<\/p>\n","protected":false},"author":1,"featured_media":0,"parent":0,"menu_order":0,"comment_status":"closed","ping_status":"closed","template":"","meta":{"_acf_changed":false,"footnotes":""},"class_list":["post-7797","page","type-page","status-publish","hentry"],"acf":[],"_links":{"self":[{"href":"https:\/\/broadywindsor.com\/fr\/wp-json\/wp\/v2\/pages\/7797","targetHints":{"allow":["GET"]}}],"collection":[{"href":"https:\/\/broadywindsor.com\/fr\/wp-json\/wp\/v2\/pages"}],"about":[{"href":"https:\/\/broadywindsor.com\/fr\/wp-json\/wp\/v2\/types\/page"}],"author":[{"embeddable":true,"href":"https:\/\/broadywindsor.com\/fr\/wp-json\/wp\/v2\/users\/1"}],"replies":[{"embeddable":true,"href":"https:\/\/broadywindsor.com\/fr\/wp-json\/wp\/v2\/comments?post=7797"}],"version-history":[{"count":4,"href":"https:\/\/broadywindsor.com\/fr\/wp-json\/wp\/v2\/pages\/7797\/revisions"}],"predecessor-version":[{"id":8989,"href":"https:\/\/broadywindsor.com\/fr\/wp-json\/wp\/v2\/pages\/7797\/revisions\/8989"}],"wp:attachment":[{"href":"https:\/\/broadywindsor.com\/fr\/wp-json\/wp\/v2\/media?parent=7797"}],"curies":[{"name":"wp","href":"https:\/\/api.w.org\/{rel}","templated":true}]}}