{"id":7756,"date":"2025-10-23T21:34:32","date_gmt":"2025-10-23T21:34:32","guid":{"rendered":"https:\/\/broadywindsor.com\/histoires-de-reussite-des-acheteurs-chez-bw\/"},"modified":"2025-10-24T00:35:06","modified_gmt":"2025-10-24T00:35:06","slug":"histoires-de-reussite-des-acheteurs-chez-bw","status":"publish","type":"page","link":"https:\/\/broadywindsor.com\/fr\/histoires-de-reussite-des-acheteurs-chez-bw\/","title":{"rendered":"Histoires de r\u00e9ussite des acheteurs chez BW"},"content":{"rendered":"\t\t<div data-elementor-type=\"wp-page\" data-elementor-id=\"7756\" class=\"elementor elementor-7756 elementor-7748\" data-elementor-post-type=\"page\">\n\t\t\t\t<div class=\"elementor-element elementor-element-7785f8e e-con-full e-flex e-con e-parent\" data-id=\"7785f8e\" data-element_type=\"container\" data-settings=\"{&quot;background_background&quot;:&quot;classic&quot;}\">\n\t\t\t\t<\/div>\n\t\t<div class=\"elementor-element elementor-element-d0fed66 e-flex e-con-boxed e-con e-parent\" data-id=\"d0fed66\" data-element_type=\"container\">\n\t\t\t\t\t<div class=\"e-con-inner\">\n\t\t\t\t<div class=\"elementor-element elementor-element-de64b24 elementor-widget elementor-widget-heading\" data-id=\"de64b24\" data-element_type=\"widget\" data-widget_type=\"heading.default\">\n\t\t\t\t<div class=\"elementor-widget-container\">\n\t\t\t\t\t<h2 class=\"elementor-heading-title elementor-size-default\">Histoires de r\u00e9ussite des acheteurs chez BW<\/h2>\t\t\t\t<\/div>\n\t\t\t\t<\/div>\n\t\t\t\t<div class=\"elementor-element elementor-element-528f100 elementor-widget elementor-widget-text-editor\" data-id=\"528f100\" data-element_type=\"widget\" data-widget_type=\"text-editor.default\">\n\t\t\t\t<div class=\"elementor-widget-container\">\n\t\t\t\t\t\t\t\t\t<p>Chez Broady-Windsor, nous tissons des liens avec nos clients. Nous instaurons la confiance et cr\u00e9ons de la valeur. Voici une s\u00e9lection de t\u00e9moignages d\u2019acheteurs qui vous int\u00e9resseront.<\/p>\n\t\t\t\t\t\t\t\t<\/div>\n\t\t\t\t<\/div>\n\t\t\t\t<div class=\"elementor-element elementor-element-bb5f333 elementor-widget elementor-widget-text-editor\" data-id=\"bb5f333\" data-element_type=\"widget\" data-widget_type=\"text-editor.default\">\n\t\t\t\t<div class=\"elementor-widget-container\">\n\t\t\t\t\t\t\t\t\t<div style=\"display: flex; gap: 20px; align-item: center;\"><div style=\"display: flex; gap: 20px; align-item: center;\">#1<a href=\"https:\/\/valenti-test.ca\/homeowner-success-story\/\">Pourquoi la confiance, et non la tactique, a gagn\u00e9<\/a><\/div><\/div>\t\t\t\t\t\t\t\t<\/div>\n\t\t\t\t<\/div>\n\t\t<div class=\"elementor-element elementor-element-ccdf326 e-con-full elementor-hidden-desktop elementor-hidden-laptop elementor-hidden-tablet elementor-hidden-mobile e-flex e-con e-child\" data-id=\"ccdf326\" data-element_type=\"container\">\n\t\t<div class=\"elementor-element elementor-element-98d1631 e-con-full e-flex e-con e-child\" data-id=\"98d1631\" data-element_type=\"container\">\n\t\t\t\t<div class=\"elementor-element elementor-element-63279c6 elementor-widget__width-initial Table-Content elementor-widget elementor-widget-text-editor\" data-id=\"63279c6\" data-element_type=\"widget\" data-widget_type=\"text-editor.default\">\n\t\t\t\t<div class=\"elementor-widget-container\">\n\t\t\t\t\t\t\t\t\t<p>Septembre 2025<\/p>\n\t\t\t\t\t\t\t\t<\/div>\n\t\t\t\t<\/div>\n\t\t\t\t<\/div>\n\t\t<div class=\"elementor-element elementor-element-543f055 e-con-full e-flex e-con e-child\" data-id=\"543f055\" data-element_type=\"container\">\n\t\t\t\t<div class=\"elementor-element elementor-element-5a4668d elementor-widget__width-initial Table-Content elementor-widget elementor-widget-text-editor\" data-id=\"5a4668d\" data-element_type=\"widget\" data-widget_type=\"text-editor.default\">\n\t\t\t\t<div class=\"elementor-widget-container\">\n\t\t\t\t\t\t\t\t\t<div style=\"display: flex; gap: 20px; align-item: center;\">\n<div style=\"display: flex; gap: 20px; align-item: center;\">#1<a href=\"https:\/\/valenti-test.ca\/homeowner-success-story\/\">Pourquoi la confiance, et non la tactique, a gagn\u00e9<\/a><\/div>\n<p><\/div>\n\t\t\t\t\t\t\t\t<\/div>\n\t\t\t\t<\/div>\n\t\t\t\t<\/div>\n\t\t\t\t<\/div>\n\t\t\t\t\t<\/div>\n\t\t\t\t<\/div>\n\t\t\t\t<\/div>\n\t\t","protected":false},"excerpt":{"rendered":"<p>Histoires de r\u00e9ussite des acheteurs chez BW Chez Broady-Windsor, nous tissons des liens avec nos clients. Nous instaurons la confiance et cr\u00e9ons de la valeur. Voici une s\u00e9lection de t\u00e9moignages d\u2019acheteurs qui vous int\u00e9resseront. #1Pourquoi la confiance, et non la tactique, a gagn\u00e9 Septembre 2025 #1Pourquoi la confiance, et non la tactique, a gagn\u00e9<\/p>\n","protected":false},"author":1,"featured_media":0,"parent":0,"menu_order":0,"comment_status":"closed","ping_status":"closed","template":"","meta":{"_acf_changed":false,"footnotes":""},"class_list":["post-7756","page","type-page","status-publish","hentry"],"acf":[],"_links":{"self":[{"href":"https:\/\/broadywindsor.com\/fr\/wp-json\/wp\/v2\/pages\/7756","targetHints":{"allow":["GET"]}}],"collection":[{"href":"https:\/\/broadywindsor.com\/fr\/wp-json\/wp\/v2\/pages"}],"about":[{"href":"https:\/\/broadywindsor.com\/fr\/wp-json\/wp\/v2\/types\/page"}],"author":[{"embeddable":true,"href":"https:\/\/broadywindsor.com\/fr\/wp-json\/wp\/v2\/users\/1"}],"replies":[{"embeddable":true,"href":"https:\/\/broadywindsor.com\/fr\/wp-json\/wp\/v2\/comments?post=7756"}],"version-history":[{"count":8,"href":"https:\/\/broadywindsor.com\/fr\/wp-json\/wp\/v2\/pages\/7756\/revisions"}],"predecessor-version":[{"id":7789,"href":"https:\/\/broadywindsor.com\/fr\/wp-json\/wp\/v2\/pages\/7756\/revisions\/7789"}],"wp:attachment":[{"href":"https:\/\/broadywindsor.com\/fr\/wp-json\/wp\/v2\/media?parent=7756"}],"curies":[{"name":"wp","href":"https:\/\/api.w.org\/{rel}","templated":true}]}}