{"id":5516,"date":"2025-03-03T18:11:24","date_gmt":"2025-03-03T18:11:24","guid":{"rendered":"https:\/\/broadywindsor.com\/reservez-une-consultation\/"},"modified":"2025-11-08T14:10:54","modified_gmt":"2025-11-08T14:10:54","slug":"reservez-une-consultation","status":"publish","type":"page","link":"https:\/\/broadywindsor.com\/fr\/reservez-une-consultation\/","title":{"rendered":"R\u00e9servez une consultation"},"content":{"rendered":"\t\t<div data-elementor-type=\"wp-page\" data-elementor-id=\"5516\" class=\"elementor elementor-5516 elementor-2878\" data-elementor-post-type=\"page\">\n\t\t\t\t<div class=\"elementor-element elementor-element-905447d e-flex e-con-boxed e-con e-parent\" data-id=\"905447d\" data-element_type=\"container\" data-settings=\"{&quot;background_background&quot;:&quot;classic&quot;}\">\n\t\t\t\t\t<div class=\"e-con-inner\">\n\t\t\t\t\t<\/div>\n\t\t\t\t<\/div>\n\t\t<div class=\"elementor-element elementor-element-9e9ab7d e-flex e-con-boxed elementor-invisible e-con e-parent\" data-id=\"9e9ab7d\" data-element_type=\"container\" data-settings=\"{&quot;animation&quot;:&quot;fadeInUp&quot;}\">\n\t\t\t\t\t<div class=\"e-con-inner\">\n\t\t\t\t<div class=\"elementor-element elementor-element-fb6a730  headingWithLine elementor-invisible elementor-widget elementor-widget-heading\" data-id=\"fb6a730\" data-element_type=\"widget\" data-settings=\"{&quot;_animation&quot;:&quot;fadeInUp&quot;}\" data-widget_type=\"heading.default\">\n\t\t\t\t<div class=\"elementor-widget-container\">\n\t\t\t\t\t<h2 class=\"elementor-heading-title elementor-size-default\">R\u00c9SERVER UNE CONSULTATION<\/h2>\t\t\t\t<\/div>\n\t\t\t\t<\/div>\n\t\t\t\t<div class=\"elementor-element elementor-element-93b30fe elementor-widget__width-initial elementor-widget elementor-widget-text-editor\" data-id=\"93b30fe\" data-element_type=\"widget\" data-widget_type=\"text-editor.default\">\n\t\t\t\t<div class=\"elementor-widget-container\">\n\t\t\t\t\t\t\t\t\t<h4>Prenez votre prochaine d\u00e9cision en toute confiance<\/h4><p>Pas certain de devoir acheter, vendre, ou simplement vous pr\u00e9parer pour l\u2019avenir? Commencez par une conversation. Nous vous aiderons \u00e0 faire le tour de vos options, comprendre les compromis, et b\u00e2tir un plan adapt\u00e9 \u00e0 votre \u00e9ch\u00e9ancier.<\/p><h4>Le conseil d\u2019abord, toujours<\/h4><p>Nos Feuilles de route modernes pour propri\u00e9taires offrent des \u00e9tapes claires, de la planification \u00e0 la pr\u00e9paration jusqu\u2019\u00e0 la conclusion, pour d\u00e9cider en toute connaissance de cause, sans pression.<\/p><h4>Ce que vous obtenez<\/h4><ul><li data-start=\"605\" data-end=\"703\"><p data-start=\"607\" data-end=\"703\">Un appel de d\u00e9couverte rapide pour comprendre vos objectifs, votre \u00e9ch\u00e9ancier, et votre budget<\/p><\/li><li data-start=\"704\" data-end=\"826\"><p data-start=\"706\" data-end=\"826\">Une feuille de route sur mesure, vendeur, acheteur, ou \u00ab planifier d\u2019avance \u00bb, avec les prochaines \u00e9tapes recommand\u00e9es<\/p><\/li><li data-start=\"827\" data-end=\"963\"><p data-start=\"829\" data-end=\"963\">Des informations sur le march\u00e9 local, des v\u00e9rifications des risques, et des actions de pr\u00e9paration fut\u00e9es qui prot\u00e8gent votre r\u00e9sultat<\/p><\/li><\/ul><h4>Pr\u00eat \u00e0 en parler?<\/h4><p>Dites-nous ce que vous envisagez, et vous repartirez avec un plan clair, que vous passiez \u00e0 l\u2019action maintenant ou plus tard.<\/p>\t\t\t\t\t\t\t\t<\/div>\n\t\t\t\t<\/div>\n\t\t\t\t<div class=\"elementor-element elementor-element-f7214c9 elementor-widget__width-initial book-a-consultation-form elementor-hidden-desktop elementor-hidden-laptop elementor-hidden-tablet elementor-hidden-mobile elementor-invisible elementor-widget elementor-widget-shortcode\" data-id=\"f7214c9\" data-element_type=\"widget\" data-settings=\"{&quot;_animation&quot;:&quot;fadeInUp&quot;}\" data-widget_type=\"shortcode.default\">\n\t\t\t\t<div class=\"elementor-widget-container\">\n\t\t\t\t\t\t\t<div class=\"elementor-shortcode\"><div class=\"_form_54\"><\/div><script src=\"https:\/\/broadywindsor.activehosted.com\/f\/embed.php?id=54\" charset=\"utf-8\"><\/script><\/div>\n\t\t\t\t\t\t<\/div>\n\t\t\t\t<\/div>\n\t\t\t\t\t<\/div>\n\t\t\t\t<\/div>\n\t\t\t\t<\/div>\n\t\t","protected":false},"excerpt":{"rendered":"<p>R\u00c9SERVER UNE CONSULTATION Prenez votre prochaine d\u00e9cision en toute confiance Pas certain de devoir acheter, vendre, ou simplement vous pr\u00e9parer pour l\u2019avenir? Commencez par une conversation. Nous vous aiderons \u00e0 faire le tour de vos options, comprendre les compromis, et b\u00e2tir un plan adapt\u00e9 \u00e0 votre \u00e9ch\u00e9ancier. Le conseil d\u2019abord, toujours Nos Feuilles de route [&hellip;]<\/p>\n","protected":false},"author":1,"featured_media":0,"parent":0,"menu_order":0,"comment_status":"closed","ping_status":"closed","template":"","meta":{"_acf_changed":false,"footnotes":""},"class_list":["post-5516","page","type-page","status-publish","hentry"],"acf":[],"_links":{"self":[{"href":"https:\/\/broadywindsor.com\/fr\/wp-json\/wp\/v2\/pages\/5516","targetHints":{"allow":["GET"]}}],"collection":[{"href":"https:\/\/broadywindsor.com\/fr\/wp-json\/wp\/v2\/pages"}],"about":[{"href":"https:\/\/broadywindsor.com\/fr\/wp-json\/wp\/v2\/types\/page"}],"author":[{"embeddable":true,"href":"https:\/\/broadywindsor.com\/fr\/wp-json\/wp\/v2\/users\/1"}],"replies":[{"embeddable":true,"href":"https:\/\/broadywindsor.com\/fr\/wp-json\/wp\/v2\/comments?post=5516"}],"version-history":[{"count":13,"href":"https:\/\/broadywindsor.com\/fr\/wp-json\/wp\/v2\/pages\/5516\/revisions"}],"predecessor-version":[{"id":9196,"href":"https:\/\/broadywindsor.com\/fr\/wp-json\/wp\/v2\/pages\/5516\/revisions\/9196"}],"wp:attachment":[{"href":"https:\/\/broadywindsor.com\/fr\/wp-json\/wp\/v2\/media?parent=5516"}],"curies":[{"name":"wp","href":"https:\/\/api.w.org\/{rel}","templated":true}]}}