{"id":5513,"date":"2025-03-03T18:18:29","date_gmt":"2025-03-03T18:18:29","guid":{"rendered":"https:\/\/broadywindsor.com\/bulletin\/"},"modified":"2025-10-24T16:22:08","modified_gmt":"2025-10-24T16:22:08","slug":"bulletin","status":"publish","type":"page","link":"https:\/\/broadywindsor.com\/fr\/bulletin\/","title":{"rendered":"Bulletin"},"content":{"rendered":"\t\t<div data-elementor-type=\"wp-page\" data-elementor-id=\"5513\" class=\"elementor elementor-5513 elementor-2905\" data-elementor-post-type=\"page\">\n\t\t\t\t<div class=\"elementor-element elementor-element-70f9d66 e-con-full e-flex e-con e-parent\" data-id=\"70f9d66\" data-element_type=\"container\" data-settings=\"{&quot;background_background&quot;:&quot;classic&quot;}\">\n\t\t\t\t<\/div>\n\t\t<div class=\"elementor-element elementor-element-85f53cf e-flex e-con-boxed e-con e-parent\" data-id=\"85f53cf\" data-element_type=\"container\">\n\t\t\t\t\t<div class=\"e-con-inner\">\n\t\t\t\t<div class=\"elementor-element elementor-element-060acc1 elementor-invisible elementor-widget elementor-widget-heading\" data-id=\"060acc1\" data-element_type=\"widget\" data-settings=\"{&quot;_animation&quot;:&quot;fadeInUp&quot;}\" data-widget_type=\"heading.default\">\n\t\t\t\t<div class=\"elementor-widget-container\">\n\t\t\t\t\t<h2 class=\"elementor-heading-title elementor-size-default\">Gardez une longueur d\u2019avance.<\/h2>\t\t\t\t<\/div>\n\t\t\t\t<\/div>\n\t\t\t\t<div class=\"elementor-element elementor-element-c3c38c8 elementor-invisible elementor-widget elementor-widget-text-editor\" data-id=\"c3c38c8\" data-element_type=\"widget\" data-settings=\"{&quot;_animation&quot;:&quot;fadeInUp&quot;}\" data-widget_type=\"text-editor.default\">\n\t\t\t\t<div class=\"elementor-widget-container\">\n\t\t\t\t\t\t\t\t\t<p>Notre infolettre mensuelle vous donne acc\u00e8s \u00e0 l&rsquo;actualit\u00e9 immobili\u00e8re montr\u00e9alaise. Que vous soyez acheteur, vendeur ou que vous souhaitiez simplement devenir propri\u00e9taire, vous recevrez des analyses et des statistiques exclusives du march\u00e9, des conseils d&rsquo;experts, les derni\u00e8res tendances, nos derniers \u00e9pisodes de balados, les nouvelles inscriptions et des informations privil\u00e9gi\u00e9es sur l&rsquo;actualit\u00e9 de votre quartier. C&rsquo;est tout ce dont les Montr\u00e9alais ont besoin pour rester inform\u00e9s, et tout cela directement dans votre bo\u00eete de r\u00e9ception.<\/p>\t\t\t\t\t\t\t\t<\/div>\n\t\t\t\t<\/div>\n\t\t\t\t<div class=\"elementor-element elementor-element-05be2e6 elementor-widget elementor-widget-shortcode\" data-id=\"05be2e6\" data-element_type=\"widget\" data-widget_type=\"shortcode.default\">\n\t\t\t\t<div class=\"elementor-widget-container\">\n\t\t\t\t\t\t\t<div class=\"elementor-shortcode\"><div class='_form_26'><\/div><script type='text\/javascript' src='https:\/\/broadywindsor.activehosted.com\/f\/embed.php?static=0&id=26&69E76C0FD103C&nostyles=0&preview=0'><\/script><\/div>\n\t\t\t\t\t\t<\/div>\n\t\t\t\t<\/div>\n\t\t\t\t\t<\/div>\n\t\t\t\t<\/div>\n\t\t\t\t<\/div>\n\t\t","protected":false},"excerpt":{"rendered":"<p>Gardez une longueur d\u2019avance. Notre infolettre mensuelle vous donne acc\u00e8s \u00e0 l&rsquo;actualit\u00e9 immobili\u00e8re montr\u00e9alaise. Que vous soyez acheteur, vendeur ou que vous souhaitiez simplement devenir propri\u00e9taire, vous recevrez des analyses et des statistiques exclusives du march\u00e9, des conseils d&rsquo;experts, les derni\u00e8res tendances, nos derniers \u00e9pisodes de balados, les nouvelles inscriptions et des informations privil\u00e9gi\u00e9es sur [&hellip;]<\/p>\n","protected":false},"author":1,"featured_media":0,"parent":0,"menu_order":0,"comment_status":"closed","ping_status":"closed","template":"","meta":{"_acf_changed":false,"footnotes":""},"class_list":["post-5513","page","type-page","status-publish","hentry"],"acf":[],"_links":{"self":[{"href":"https:\/\/broadywindsor.com\/fr\/wp-json\/wp\/v2\/pages\/5513","targetHints":{"allow":["GET"]}}],"collection":[{"href":"https:\/\/broadywindsor.com\/fr\/wp-json\/wp\/v2\/pages"}],"about":[{"href":"https:\/\/broadywindsor.com\/fr\/wp-json\/wp\/v2\/types\/page"}],"author":[{"embeddable":true,"href":"https:\/\/broadywindsor.com\/fr\/wp-json\/wp\/v2\/users\/1"}],"replies":[{"embeddable":true,"href":"https:\/\/broadywindsor.com\/fr\/wp-json\/wp\/v2\/comments?post=5513"}],"version-history":[{"count":9,"href":"https:\/\/broadywindsor.com\/fr\/wp-json\/wp\/v2\/pages\/5513\/revisions"}],"predecessor-version":[{"id":7844,"href":"https:\/\/broadywindsor.com\/fr\/wp-json\/wp\/v2\/pages\/5513\/revisions\/7844"}],"wp:attachment":[{"href":"https:\/\/broadywindsor.com\/fr\/wp-json\/wp\/v2\/media?parent=5513"}],"curies":[{"name":"wp","href":"https:\/\/api.w.org\/{rel}","templated":true}]}}