{"id":2338,"date":"2024-10-21T12:51:17","date_gmt":"2024-10-21T12:51:17","guid":{"rendered":"https:\/\/broadywindsor.com\/ecoles\/"},"modified":"2025-03-26T16:11:38","modified_gmt":"2025-03-26T16:11:38","slug":"ecoles","status":"publish","type":"page","link":"https:\/\/broadywindsor.com\/fr\/ecoles\/","title":{"rendered":"\u00c9COLES"},"content":{"rendered":"\t\t<div data-elementor-type=\"wp-page\" data-elementor-id=\"2338\" class=\"elementor elementor-2338 elementor-274\" data-elementor-post-type=\"page\">\n\t\t\t\t<div class=\"elementor-element elementor-element-6027a58 e-flex e-con-boxed e-con e-parent\" data-id=\"6027a58\" data-element_type=\"container\" data-settings=\"{&quot;background_background&quot;:&quot;classic&quot;}\">\n\t\t\t\t\t<div class=\"e-con-inner\">\n\t\t\t\t\t<\/div>\n\t\t\t\t<\/div>\n\t\t<div class=\"elementor-element elementor-element-b666d3e e-flex e-con-boxed elementor-invisible e-con e-parent\" data-id=\"b666d3e\" data-element_type=\"container\" data-settings=\"{&quot;animation&quot;:&quot;fadeInUp&quot;}\">\n\t\t\t\t\t<div class=\"e-con-inner\">\n\t\t<div class=\"elementor-element elementor-element-2c979eb e-con-full e-flex e-con e-child\" data-id=\"2c979eb\" data-element_type=\"container\">\n\t\t\t\t<div class=\"elementor-element elementor-element-5690f79 elementor-widget elementor-widget-heading\" data-id=\"5690f79\" data-element_type=\"widget\" data-widget_type=\"heading.default\">\n\t\t\t\t<div class=\"elementor-widget-container\">\n\t\t\t\t\t<h1 class=\"elementor-heading-title elementor-size-default\">\u00c9COLES<\/h1>\t\t\t\t<\/div>\n\t\t\t\t<\/div>\n\t\t\t\t<div class=\"elementor-element elementor-element-d07eab5 elementor-widget elementor-widget-heading\" data-id=\"d07eab5\" data-element_type=\"widget\" data-widget_type=\"heading.default\">\n\t\t\t\t<div class=\"elementor-widget-container\">\n\t\t\t\t\t<h4 class=\"elementor-heading-title elementor-size-default\">Options dans l'Ouest-de-l'\u00cele de Montr\u00e9al<\/h4>\t\t\t\t<\/div>\n\t\t\t\t<\/div>\n\t\t\t\t<div class=\"elementor-element elementor-element-b0cb723 elementor-widget elementor-widget-text-editor\" data-id=\"b0cb723\" data-element_type=\"widget\" data-widget_type=\"text-editor.default\">\n\t\t\t\t<div class=\"elementor-widget-container\">\n\t\t\t\t\t\t\t\t\t<p><b>Public System<\/b><\/p>\n<p>Les cours sont offerts de la maternelle 5 ans (\u00e0 temps plein) jusqu&rsquo;au secondaire (11e ann\u00e9e ou secondaire V). Le fran\u00e7ais est la langue officielle de l&rsquo;enseignement au Qu\u00e9bec et une admissibilit\u00e9 particuli\u00e8re est requise pour fr\u00e9quenter les \u00e9coles anglophones. En vertu de la Charte de la langue fran\u00e7aise, les enfants des cat\u00e9gories suivantes peuvent \u00eatre inscrits dans les \u00e9coles anglophones :  <\/p>\n<p>\u00b7Les enfants qui sont r\u00e9sidents permanents du Qu\u00e9bec et qui sont admissibles \u00e0 un certificat d\u2019admissibilit\u00e9 \u00e0 l\u2019enseignement en anglais. <\/p>\n<p>\u00b7Les enfants qui r\u00e9sident temporairement au Qu\u00e9bec et qui sont admissibles \u00e0 une autorisation temporaire pour recevoir un enseignement en anglais. <\/p>\n<p>\u00b7(Au cas par cas) les enfants qui ont fait la majorit\u00e9 de leurs \u00e9tudes primaires ou secondaires en anglais au Canada; ou dont le fr\u00e8re ou la s\u0153ur a fait la majorit\u00e9 de ses \u00e9tudes primaires ou secondaires en anglais au Canada; ou dont le p\u00e8re ou la m\u00e8re a fait la majorit\u00e9 de ses \u00e9tudes primaires en anglais au Canada. <\/p>\n<p>\u00b7Cas particuliers : les enfants ayant des troubles graves d&rsquo;apprentissage, les enfants dont le p\u00e8re ou la m\u00e8re a \u00e9t\u00e9 d\u00e9clar\u00e9 admissible \u00e0 l&rsquo;enseignement en anglais mais qui ont fait leurs \u00e9tudes primaires et secondaires en fran\u00e7ais apr\u00e8s le 26 ao\u00fbt 1977 peuvent se voir accorder un certificat d&rsquo;admissibilit\u00e9.<\/p>\n<p><a href=\"http:\/\/www.education.gouv.qc.ca\/en\/contenus-communs\/parents-and-guardians\/instruction-in-english\/eligibility\/\" target=\"_blank\" rel=\"noopener\"><b>Cliquez ici<\/b><\/a> pour plus d&rsquo;informations sur l&rsquo;\u00e9ligibilit\u00e9 en anglais.<\/p>\n<p>Le syst\u00e8me d&rsquo;\u00e9ducation publique du Qu\u00e9bec est divis\u00e9 selon des crit\u00e8res linguistiques, avec deux commissions scolaires dans chaque r\u00e9gion &#8211; une pour les \u00e9coles francophones et une pour les \u00e9coles anglophones. Dans l&rsquo;ouest de l&rsquo;\u00eele de Montr\u00e9al, ces deux commissions scolaires sont les suivantes : <a href=\"http:\/\/www.lbpsb.qc.ca\/eng\/home.asp\" target=\"_blank\" rel=\"noopener\"><b>Conseil scolaire Lester B. Pearson<\/b><\/a> pour les \u00e9coles anglaises et<a href=\"http:\/\/www.csmb.qc.ca\/\" target=\"_blank\" rel=\"noopener\"><b> La Commission Scolaire Marguerite Bourgeoys<\/b><\/a> <b> <\/b>pour les francophones. Pour les deux commissions scolaires, l&rsquo;inscription et le transport scolaire sont bas\u00e9s sur des zones g\u00e9ographiques. <\/p>\n<p><b>Syst\u00e8me priv\u00e9<\/b><\/p>\n<p>Il existe \u00e9galement de nombreuses \u00e9coles priv\u00e9es dans la r\u00e9gion de Montr\u00e9al, qui offrent un enseignement en anglais ou en fran\u00e7ais. La plupart d&rsquo;entre elles sont situ\u00e9es pr\u00e8s du centre-ville de Montr\u00e9al, mais plusieurs d&rsquo;entre elles se trouvent dans l&rsquo;Ouest-de-l&rsquo;\u00cele. De nombreux parents d&rsquo;enfants qui ne sont pas admissibles \u00e0 l&rsquo;enseignement en anglais choisissent d&rsquo;envoyer leurs enfants dans des \u00e9coles priv\u00e9es anglophones. Voici quelques liens vers certaines \u00e9coles priv\u00e9es de l&rsquo;Ouest-de-l&rsquo;\u00cele :   <\/p>\n<ul>\n<li><a href=\"http:\/\/wicmtl.ca\/\" target=\"_blank\" rel=\"noopener\">Coll\u00e8ge de l&rsquo;Ouest de l&rsquo;\u00cele<\/a><\/li>\n<li><a href=\"http:\/\/www.kuperacademy.ca\/\" target=\"_blank\" rel=\"noopener\">Acad\u00e9mie Kuper<\/a><\/li>\n<li><a href=\"http:\/\/www.avh.montreal.qc.ca\/eng\/\" target=\"_blank\" rel=\"noopener\">Alexander Von Humboldt School<\/a><\/li>\n<li><a href=\"http:\/\/www.avh.montreal.qc.ca\/eng\/\" target=\"_blank\" rel=\"noopener\">Coll\u00e8ge Charlemagne<\/a><\/li>\n<li><a href=\"http:\/\/www.avh.montreal.qc.ca\/eng\/\" target=\"_blank\" rel=\"noopener\">Acad\u00e9mie Marie-Claire<\/a><\/li>\n<li><a href=\"http:\/\/www.avh.montreal.qc.ca\/eng\/\" target=\"_blank\" rel=\"noopener\">Coll\u00e8ge Beaubois<\/a><\/li>\n<li><a href=\"http:\/\/www.avh.montreal.qc.ca\/eng\/\" target=\"_blank\" rel=\"noopener\">Coll\u00e8ge Ste-Anne<\/a>\n<\/li>\n<\/ul>\n<p><b>Enseignement sup\u00e9rieur<\/b><\/p>\n<p>CEGEP &#8211; Coll\u00e8ge d&rsquo;Enseignement G\u00e9n\u00e9ral et Professionnel<br \/>2-year program of pre-university, equivalent to grades 12 &amp; 13. The CEGEP programs are government funded but there is no eligibility requirement to attend English CEGEP. In order to attend a Quebec University, a CEGEP diploma (2 year program) is required.  <\/p>\n<p><b>English CEGEPs<\/b><\/p>\n<ul>\n<li><a href=\"http:\/\/www.johnabbott.qc.ca\/\" target=\"_blank\" rel=\"noopener\">John Abbot College<\/a><\/li>\n<li><a href=\"http:\/\/www.dawsoncollege.qc.ca\/\" target=\"_blank\" rel=\"noopener\">Coll\u00e8ge Dawson<\/a><\/li>\n<li><a href=\"http:\/\/www.marianopolis.edu\/\" target=\"_blank\" rel=\"noopener\">Marionopolis College<\/a><\/li>\n<li><a href=\"http:\/\/www.vaniercollege.qc.ca\/\" target=\"_blank\" rel=\"noopener\">Coll\u00e8ge Vanier<\/a>\n<\/li>\n<\/ul>\n<p><b>French CEGEPs<\/b><\/p>\n<ul>\n<li><strong><a href=\"http:\/\/www.cgodin.qc.ca\/accueil\" target=\"_blank\" rel=\"noopener\">Coll\u00e8ge Gerald-Godin<\/a><\/strong><\/li>\n<li><a href=\"http:\/\/collegial.sainteanne.ca\/\" target=\"_blank\" rel=\"noopener\">Coll\u00e8ge Ste-Anne<\/a><br \/><a href=\"http:\/\/www.cgodin.qc.ca\/accueil\" target=\"_blank\" rel=\"noopener\"><br \/><\/a><\/li>\n<\/ul>\n<p><b>Universit\u00e9s<br \/><\/b><\/p>\n<p>Montr\u00e9al abrite les universit\u00e9s McGill et Concordia (anglais) ainsi que l&rsquo;Universit\u00e9 de Montr\u00e9al et l&rsquo;Universit\u00e9 du Qu\u00e9bec \u00e0 Montr\u00e9al (fran\u00e7ais).<\/p>\n<p><a href=\"http:\/\/www.mcgill.ca\/\" target=\"_blank\" rel=\"noopener\">www.mcgill.ca<\/a><br \/><a href=\"http:\/\/www.concordia.ca\/\" target=\"_blank\" rel=\"noopener\">www.concordia.ca<\/a><br \/><a href=\"http:\/\/www.umontreal.ca\/\" target=\"_blank\" rel=\"noopener\">www.umontreal.ca<\/a><br \/><a href=\"http:\/\/www.uqam.ca\/\" target=\"_blank\" rel=\"noopener\">www.uqam.ca<\/a><\/p>\n\t\t\t\t\t\t\t\t<\/div>\n\t\t\t\t<\/div>\n\t\t\t\t<\/div>\n\t\t\t\t\t<\/div>\n\t\t\t\t<\/div>\n\t\t<div class=\"elementor-element elementor-element-4a0dd8a e-con-full e-flex e-con e-parent\" data-id=\"4a0dd8a\" data-element_type=\"container\">\n\t\t\t\t<div class=\"elementor-element elementor-element-f43142d elementor-widget-divider--view-line elementor-widget elementor-widget-divider\" data-id=\"f43142d\" data-element_type=\"widget\" data-widget_type=\"divider.default\">\n\t\t\t\t<div class=\"elementor-widget-container\">\n\t\t\t\t\t\t\t<div class=\"elementor-divider\">\n\t\t\t<span class=\"elementor-divider-separator\">\n\t\t\t\t\t\t<\/span>\n\t\t<\/div>\n\t\t\t\t\t\t<\/div>\n\t\t\t\t<\/div>\n\t\t\t\t<\/div>\n\t\t\t\t<\/div>\n\t\t","protected":false},"excerpt":{"rendered":"<p>\u00c9COLES Options dans l&rsquo;Ouest-de-l&rsquo;\u00cele de Montr\u00e9al Public System Les cours sont offerts de la maternelle 5 ans (\u00e0 temps plein) jusqu&rsquo;au secondaire (11e ann\u00e9e ou secondaire V). Le fran\u00e7ais est la langue officielle de l&rsquo;enseignement au Qu\u00e9bec et une admissibilit\u00e9 particuli\u00e8re est requise pour fr\u00e9quenter les \u00e9coles anglophones. En vertu de la Charte de la [&hellip;]<\/p>\n","protected":false},"author":1,"featured_media":0,"parent":0,"menu_order":0,"comment_status":"closed","ping_status":"closed","template":"","meta":{"_acf_changed":false,"footnotes":""},"class_list":["post-2338","page","type-page","status-publish","hentry"],"acf":[],"_links":{"self":[{"href":"https:\/\/broadywindsor.com\/fr\/wp-json\/wp\/v2\/pages\/2338","targetHints":{"allow":["GET"]}}],"collection":[{"href":"https:\/\/broadywindsor.com\/fr\/wp-json\/wp\/v2\/pages"}],"about":[{"href":"https:\/\/broadywindsor.com\/fr\/wp-json\/wp\/v2\/types\/page"}],"author":[{"embeddable":true,"href":"https:\/\/broadywindsor.com\/fr\/wp-json\/wp\/v2\/users\/1"}],"replies":[{"embeddable":true,"href":"https:\/\/broadywindsor.com\/fr\/wp-json\/wp\/v2\/comments?post=2338"}],"version-history":[{"count":5,"href":"https:\/\/broadywindsor.com\/fr\/wp-json\/wp\/v2\/pages\/2338\/revisions"}],"predecessor-version":[{"id":2444,"href":"https:\/\/broadywindsor.com\/fr\/wp-json\/wp\/v2\/pages\/2338\/revisions\/2444"}],"wp:attachment":[{"href":"https:\/\/broadywindsor.com\/fr\/wp-json\/wp\/v2\/media?parent=2338"}],"curies":[{"name":"wp","href":"https:\/\/api.w.org\/{rel}","templated":true}]}}